{"id":35326,"date":"2024-05-02T20:57:49","date_gmt":"2024-05-02T20:57:49","guid":{"rendered":"https:\/\/tessitore.be\/location-privee\/"},"modified":"2024-05-08T06:28:37","modified_gmt":"2024-05-08T06:28:37","slug":"location-privee","status":"publish","type":"page","link":"https:\/\/tessitore.be\/fr\/location-privee\/","title":{"rendered":"Location priv\u00e9e"},"content":{"rendered":"<p>[et_pb_section fb_built=\u00a0\u00bb1&Prime; _builder_version=\u00a0\u00bb4.24.2&Prime; _module_preset=\u00a0\u00bbdefault\u00a0\u00bb global_colors_info=\u00a0\u00bb{}\u00a0\u00bb][et_pb_row _builder_version=\u00a0\u00bb4.24.2&Prime; _module_preset=\u00a0\u00bbdefault\u00a0\u00bb global_colors_info=\u00a0\u00bb{}\u00a0\u00bb][et_pb_column type=\u00a0\u00bb4_4&Prime; _builder_version=\u00a0\u00bb4.24.2&Prime; _module_preset=\u00a0\u00bbdefault\u00a0\u00bb global_colors_info=\u00a0\u00bb{}\u00a0\u00bb][dnxte_text_divider dnxt_divider_text=\u00a0\u00bbPriv\u00e9 verhuur\u00a0\u00bb heading_tag=\u00a0\u00bbh1&Prime; text_divider_color=\u00a0\u00bbgcid-39ebcbee-5276-43f0-8515-adcdfc1593b4&Prime; _builder_version=\u00a0\u00bb4.24.2&Prime; _module_preset=\u00a0\u00bbdefault\u00a0\u00bb dnxt_divider_fonts_font=\u00a0\u00bb|600|||||||\u00a0\u00bb dnxt_divider_fonts_font_size=\u00a0\u00bb56px\u00a0\u00bb global_colors_info=\u00a0\u00bb{%22gcid-39ebcbee-5276-43f0-8515-adcdfc1593b4%22:%91%22text_divider_color%22%93}\u00a0\u00bb][\/dnxte_text_divider][\/et_pb_column][\/et_pb_row][et_pb_row column_structure=\u00a0\u00bb1_2,1_2&Prime; _builder_version=\u00a0\u00bb4.24.2&Prime; _module_preset=\u00a0\u00bbdefault\u00a0\u00bb global_colors_info=\u00a0\u00bb{}\u00a0\u00bb][et_pb_column type=\u00a0\u00bb1_2&Prime; _builder_version=\u00a0\u00bb4.24.2&Prime; _module_preset=\u00a0\u00bbdefault\u00a0\u00bb global_colors_info=\u00a0\u00bb{}\u00a0\u00bb][et_pb_image src=\u00a0\u00bbhttps:\/\/tessitore.be\/wp-content\/uploads\/2024\/03\/piano-grand-withoutlogo.png\u00a0\u00bb title_text=\u00a0\u00bbpiano-grand-withoutlogo\u00a0\u00bb _builder_version=\u00a0\u00bb4.24.2&Prime; _module_preset=\u00a0\u00bbdefault\u00a0\u00bb global_colors_info=\u00a0\u00bb{}\u00a0\u00bb][\/et_pb_image][\/et_pb_column][et_pb_column type=\u00a0\u00bb1_2&Prime; _builder_version=\u00a0\u00bb4.24.2&Prime; _module_preset=\u00a0\u00bbdefault\u00a0\u00bb global_colors_info=\u00a0\u00bb{}\u00a0\u00bb][et_pb_text _builder_version=\u00a0\u00bb4.24.2&Prime; _module_preset=\u00a0\u00bbdefault\u00a0\u00bb global_colors_info=\u00a0\u00bb{}\u00a0\u00bb]<\/p>\n<p>Vous ne savez pas encore si vous voulez acheter un piano ou si vous souhaitez faire un premier essai pour savoir si vous ou votre enfant continuerez \u00e0 prendre des cours de piano ? Ne vous inqui\u00e9tez pas, car vous pouvez toujours louer un piano chez nous.<\/p>\n<p>Nous offrons la possibilit\u00e9 de d\u00e9duire une partie des frais de location du prix d&rsquo;achat d&rsquo;un nouveau piano, ce qui vous permet d&rsquo;\u00e9conomiser sur le co\u00fbt total tout en b\u00e9n\u00e9ficiant d&rsquo;un piano de qualit\u00e9. Cette option est int\u00e9ressante pour les personnes qui envisagent d&rsquo;acheter un nouveau piano et qui louent un piano chez nous depuis un certain temps.<\/p>\n<p>[\/et_pb_text][\/et_pb_column][\/et_pb_row][et_pb_row column_structure=\u00a0\u00bb1_2,1_2&Prime; _builder_version=\u00a0\u00bb4.24.2&Prime; _module_preset=\u00a0\u00bbdefault\u00a0\u00bb global_colors_info=\u00a0\u00bb{}\u00a0\u00bb][et_pb_column type=\u00a0\u00bb1_2&Prime; _builder_version=\u00a0\u00bb4.24.2&Prime; _module_preset=\u00a0\u00bbdefault\u00a0\u00bb global_colors_info=\u00a0\u00bb{}\u00a0\u00bb][et_pb_text _builder_version=\u00a0\u00bb4.24.2&Prime; _module_preset=\u00a0\u00bbdefault\u00a0\u00bb global_colors_info=\u00a0\u00bb{}\u00a0\u00bb]<\/p>\n<p>Nos options de location sont flexibles et peuvent \u00eatre adapt\u00e9es \u00e0 votre situation sp\u00e9cifique. Que vous commenciez \u00e0 prendre des cours de piano ou que vous soyez un pianiste exp\u00e9riment\u00e9, vous trouverez chez nous le piano qui vous convient. Vous pouvez louer un piano chez nous aussi longtemps que vous le souhaitez, sans \u00eatre li\u00e9 par un contrat annuel. Ainsi, vous pouvez profiter du piano sans contrainte. Nous pouvons louer des pianos \u00e0 queue et des pianos droits pour de longues p\u00e9riodes.<\/p>\n<p>&nbsp;<\/p>\n<p>Contactez-nous d\u00e8s aujourd&rsquo;hui pour obtenir plus d&rsquo;informations sur les pianos disponibles et les tarifs de location de pianos. Nous nous ferons un plaisir de vous aider et de veiller \u00e0 ce que vous puissiez louer le piano id\u00e9al pour commencer votre voyage musical.<\/p>\n<p>[\/et_pb_text][\/et_pb_column][et_pb_column type=\u00a0\u00bb1_2&Prime; _builder_version=\u00a0\u00bb4.24.2&Prime; _module_preset=\u00a0\u00bbdefault\u00a0\u00bb global_colors_info=\u00a0\u00bb{}\u00a0\u00bb][et_pb_image src=\u00a0\u00bbhttps:\/\/tessitore.be\/wp-content\/uploads\/2024\/03\/piano-upricht-withoutlogo.png\u00a0\u00bb title_text=\u00a0\u00bbpiano-upricht-withoutlogo\u00a0\u00bb _builder_version=\u00a0\u00bb4.24.2&Prime; _module_preset=\u00a0\u00bbdefault\u00a0\u00bb hover_enabled=\u00a0\u00bb0&Prime; global_colors_info=\u00a0\u00bb{}\u00a0\u00bb sticky_enabled=\u00a0\u00bb0&Prime;][\/et_pb_image][\/et_pb_column][\/et_pb_row][\/et_pb_section]<\/p>\n","protected":false},"excerpt":{"rendered":"<p><div class=\"et_pb_module dnxte_text_divider dnxte_text_divider_0\">\n\t\t\t\t\n\t\t\t\t\n\t\t\t\t\n\t\t\t\t\n\t\t\t\t\n\t\t\t\t\n\t\t\t\t<div class=\"et_pb_module_inner\">\n\t\t\t\t\t<div class=\"dnxt-text-divider-wrapper  \">\r\n\t\t\t\t<div class=\"dnxt-text-divider-before dnxt-text-divider\"><\/div>\r\n\t\t\t\t<h1 class=\"dnxt-text-divider-spacing\">Priv\u00e9 verhuur<\/h1>\r\n\t\t\t\t<div class=\"dnxt-text-divider-after dnxt-text-divider\"><\/div>\r\n\t\t\t<\/div>\n\t\t\t\t<\/div>\n\t\t\t<\/div>Vous ne savez pas encore si vous voulez acheter un piano ou si vous souhaitez faire un premier essai pour savoir si vous ou votre enfant continuerez \u00e0 prendre des cours de piano ? Ne vous inqui\u00e9tez pas, car vous pouvez toujours louer un piano chez [&hellip;]<\/p>\n","protected":false},"author":1,"featured_media":0,"parent":0,"menu_order":0,"comment_status":"closed","ping_status":"closed","template":"","meta":{"_acf_changed":false,"_et_pb_use_builder":"on","_et_pb_old_content":"","_et_gb_content_width":"","footnotes":""},"difl_page_category":[],"class_list":["post-35326","page","type-page","status-publish","hentry"],"acf":[],"_links":{"self":[{"href":"https:\/\/tessitore.be\/fr\/wp-json\/wp\/v2\/pages\/35326","targetHints":{"allow":["GET"]}}],"collection":[{"href":"https:\/\/tessitore.be\/fr\/wp-json\/wp\/v2\/pages"}],"about":[{"href":"https:\/\/tessitore.be\/fr\/wp-json\/wp\/v2\/types\/page"}],"author":[{"embeddable":true,"href":"https:\/\/tessitore.be\/fr\/wp-json\/wp\/v2\/users\/1"}],"replies":[{"embeddable":true,"href":"https:\/\/tessitore.be\/fr\/wp-json\/wp\/v2\/comments?post=35326"}],"version-history":[{"count":2,"href":"https:\/\/tessitore.be\/fr\/wp-json\/wp\/v2\/pages\/35326\/revisions"}],"predecessor-version":[{"id":35328,"href":"https:\/\/tessitore.be\/fr\/wp-json\/wp\/v2\/pages\/35326\/revisions\/35328"}],"wp:attachment":[{"href":"https:\/\/tessitore.be\/fr\/wp-json\/wp\/v2\/media?parent=35326"}],"wp:term":[{"taxonomy":"difl_page_category","embeddable":true,"href":"https:\/\/tessitore.be\/fr\/wp-json\/wp\/v2\/difl_page_category?post=35326"}],"curies":[{"name":"wp","href":"https:\/\/api.w.org\/{rel}","templated":true}]}}