{"id":35323,"date":"2024-05-07T22:06:59","date_gmt":"2024-05-07T22:06:59","guid":{"rendered":"https:\/\/tessitore.be\/systeme-silencieux\/"},"modified":"2024-05-08T06:27:32","modified_gmt":"2024-05-08T06:27:32","slug":"systeme-silencieux","status":"publish","type":"page","link":"https:\/\/tessitore.be\/fr\/systeme-silencieux\/","title":{"rendered":"Syst\u00e8me silencieux"},"content":{"rendered":"<p>[et_pb_section fb_built=\u00a0\u00bb1&Prime; _builder_version=\u00a0\u00bb4.24.2&Prime; _module_preset=\u00a0\u00bbdefault\u00a0\u00bb global_colors_info=\u00a0\u00bb{}\u00a0\u00bb theme_builder_area=\u00a0\u00bbpost_content\u00a0\u00bb][et_pb_row _builder_version=\u00a0\u00bb4.24.2&Prime; _module_preset=\u00a0\u00bbdefault\u00a0\u00bb global_colors_info=\u00a0\u00bb{}\u00a0\u00bb theme_builder_area=\u00a0\u00bbpost_content\u00a0\u00bb][et_pb_column type=\u00a0\u00bb4_4&Prime; _builder_version=\u00a0\u00bb4.24.2&Prime; _module_preset=\u00a0\u00bbdefault\u00a0\u00bb global_colors_info=\u00a0\u00bb{}\u00a0\u00bb theme_builder_area=\u00a0\u00bbpost_content\u00a0\u00bb][dnxte_text_divider dnxt_divider_text=\u00a0\u00bb@ET-DC@eyJkeW5hbWljIjp0cnVlLCJjb250ZW50IjoicG9zdF90aXRsZSIsInNldHRpbmdzIjp7ImJlZm9yZSI6IiIsImFmdGVyIjoiIiwiZW5hYmxlX2h0bWwiOiJvZmYifX0=@\u00a0\u00bb heading_tag=\u00a0\u00bbh1&Prime; text_divider_color=\u00a0\u00bbgcid-39ebcbee-5276-43f0-8515-adcdfc1593b4&Prime; _builder_version=\u00a0\u00bb4.24.2&Prime; _dynamic_attributes=\u00a0\u00bbdnxt_divider_text\u00a0\u00bb _module_preset=\u00a0\u00bbdefault\u00a0\u00bb dnxt_divider_fonts_font=\u00a0\u00bb|600|||||||\u00a0\u00bb dnxt_divider_fonts_font_size=\u00a0\u00bb56px\u00a0\u00bb global_colors_info=\u00a0\u00bb{%22gcid-39ebcbee-5276-43f0-8515-adcdfc1593b4%22:%91%22text_divider_color%22%93}\u00a0\u00bb theme_builder_area=\u00a0\u00bbpost_content\u00a0\u00bb][\/dnxte_text_divider][\/et_pb_column][\/et_pb_row][et_pb_row column_structure=\u00a0\u00bb1_2,1_2&Prime; _builder_version=\u00a0\u00bb4.24.2&Prime; _module_preset=\u00a0\u00bbdefault\u00a0\u00bb global_colors_info=\u00a0\u00bb{}\u00a0\u00bb theme_builder_area=\u00a0\u00bbpost_content\u00a0\u00bb][et_pb_column type=\u00a0\u00bb1_2&Prime; _builder_version=\u00a0\u00bb4.24.2&Prime; _module_preset=\u00a0\u00bbdefault\u00a0\u00bb global_colors_info=\u00a0\u00bb{}\u00a0\u00bb theme_builder_area=\u00a0\u00bbpost_content\u00a0\u00bb][et_pb_image src=\u00a0\u00bbhttps:\/\/tessitore.be\/wp-content\/uploads\/2024\/05\/nightowl5.jpg\u00a0\u00bb title_text=\u00a0\u00bbnightowl5&Prime; _builder_version=\u00a0\u00bb4.24.2&Prime; _module_preset=\u00a0\u00bbdefault\u00a0\u00bb hover_enabled=\u00a0\u00bb0&Prime; global_colors_info=\u00a0\u00bb{}\u00a0\u00bb theme_builder_area=\u00a0\u00bbpost_content\u00a0\u00bb sticky_enabled=\u00a0\u00bb0&Prime;][\/et_pb_image][\/et_pb_column][et_pb_column type=\u00a0\u00bb1_2&Prime; _builder_version=\u00a0\u00bb4.24.2&Prime; _module_preset=\u00a0\u00bbdefault\u00a0\u00bb global_colors_info=\u00a0\u00bb{}\u00a0\u00bb theme_builder_area=\u00a0\u00bbpost_content\u00a0\u00bb][et_pb_text _builder_version=\u00a0\u00bb4.24.2&Prime; _module_preset=\u00a0\u00bbdefault\u00a0\u00bb hover_enabled=\u00a0\u00bb0&Prime; global_colors_info=\u00a0\u00bb{}\u00a0\u00bb theme_builder_area=\u00a0\u00bbpost_content\u00a0\u00bb sticky_enabled=\u00a0\u00bb0&Prime;]<\/p>\n<p>Avec un syst\u00e8me num\u00e9rique int\u00e9gr\u00e9 \u00e0 votre piano acoustique, vous pouvez profiter du meilleur des deux mondes.<\/p>\n<p>Vous pouvez jouer dans un silence total sans d\u00e9ranger les autres, tout en b\u00e9n\u00e9ficiant de la qualit\u00e9 de jeu authentique d&rsquo;un piano acoustique.<\/p>\n<p>Le syst\u00e8me num\u00e9rique vous permet d&rsquo;ajouter divers sons et effets, afin de personnaliser et d&rsquo;enrichir votre exp\u00e9rience de jeu. Cette option vous permet \u00e9galement d&rsquo;amplifier votre instrument ou d&rsquo;effectuer des enregistrements. <\/p>\n<p>Choisissez la combinaison parfaite de la tradition et de l&rsquo;innovation et faites \u00e9quiper votre piano d&rsquo;un syst\u00e8me num\u00e9rique. Ainsi, vous pouvez profiter de votre musique sans souci, o\u00f9 et quand vous le souhaitez.<\/p>\n<p>[\/et_pb_text][\/et_pb_column][\/et_pb_row][\/et_pb_section]<\/p>\n","protected":false},"excerpt":{"rendered":"<p><div class=\"et_pb_module dnxte_text_divider dnxte_text_divider_0\">\n\t\t\t\t\n\t\t\t\t\n\t\t\t\t\n\t\t\t\t\n\t\t\t\t\n\t\t\t\t\n\t\t\t\t<div class=\"et_pb_module_inner\">\n\t\t\t\t\t<div class=\"dnxt-text-divider-wrapper  \">\r\n\t\t\t\t<div class=\"dnxt-text-divider-before dnxt-text-divider\"><\/div>\r\n\t\t\t\t<h1 class=\"dnxt-text-divider-spacing\"><\/h1>\r\n\t\t\t\t<div class=\"dnxt-text-divider-after dnxt-text-divider\"><\/div>\r\n\t\t\t<\/div>\n\t\t\t\t<\/div>\n\t\t\t<\/div>Avec un syst\u00e8me num\u00e9rique int\u00e9gr\u00e9 \u00e0 votre piano acoustique, vous pouvez profiter du meilleur des deux mondes. Vous pouvez jouer dans un silence total sans d\u00e9ranger les autres, tout en b\u00e9n\u00e9ficiant de la qualit\u00e9 de jeu authentique d&rsquo;un piano acoustique. Le syst\u00e8me num\u00e9rique vous permet [&hellip;]<\/p>\n","protected":false},"author":1,"featured_media":0,"parent":0,"menu_order":0,"comment_status":"closed","ping_status":"closed","template":"","meta":{"_acf_changed":false,"_et_pb_use_builder":"on","_et_pb_old_content":"","_et_gb_content_width":"","footnotes":""},"difl_page_category":[],"class_list":["post-35323","page","type-page","status-publish","hentry"],"acf":[],"_links":{"self":[{"href":"https:\/\/tessitore.be\/fr\/wp-json\/wp\/v2\/pages\/35323","targetHints":{"allow":["GET"]}}],"collection":[{"href":"https:\/\/tessitore.be\/fr\/wp-json\/wp\/v2\/pages"}],"about":[{"href":"https:\/\/tessitore.be\/fr\/wp-json\/wp\/v2\/types\/page"}],"author":[{"embeddable":true,"href":"https:\/\/tessitore.be\/fr\/wp-json\/wp\/v2\/users\/1"}],"replies":[{"embeddable":true,"href":"https:\/\/tessitore.be\/fr\/wp-json\/wp\/v2\/comments?post=35323"}],"version-history":[{"count":2,"href":"https:\/\/tessitore.be\/fr\/wp-json\/wp\/v2\/pages\/35323\/revisions"}],"predecessor-version":[{"id":35325,"href":"https:\/\/tessitore.be\/fr\/wp-json\/wp\/v2\/pages\/35323\/revisions\/35325"}],"wp:attachment":[{"href":"https:\/\/tessitore.be\/fr\/wp-json\/wp\/v2\/media?parent=35323"}],"wp:term":[{"taxonomy":"difl_page_category","embeddable":true,"href":"https:\/\/tessitore.be\/fr\/wp-json\/wp\/v2\/difl_page_category?post=35323"}],"curies":[{"name":"wp","href":"https:\/\/api.w.org\/{rel}","templated":true}]}}