{"id":35320,"date":"2024-05-07T21:58:23","date_gmt":"2024-05-07T21:58:23","guid":{"rendered":"https:\/\/tessitore.be\/piano-live-saver-system-pls\/"},"modified":"2024-05-08T07:53:54","modified_gmt":"2024-05-08T07:53:54","slug":"piano-live-saver-system-pls","status":"publish","type":"page","link":"https:\/\/tessitore.be\/fr\/piano-live-saver-system-pls\/","title":{"rendered":"Piano Live Saver System (PLS)"},"content":{"rendered":"<p>[et_pb_section fb_built=\u00a0\u00bb1&Prime; _builder_version=\u00a0\u00bb4.24.2&Prime; _module_preset=\u00a0\u00bbdefault\u00a0\u00bb global_colors_info=\u00a0\u00bb{}\u00a0\u00bb][et_pb_row _builder_version=\u00a0\u00bb4.24.2&Prime; _module_preset=\u00a0\u00bbdefault\u00a0\u00bb global_colors_info=\u00a0\u00bb{}\u00a0\u00bb][et_pb_column type=\u00a0\u00bb4_4&Prime; _builder_version=\u00a0\u00bb4.24.2&Prime; _module_preset=\u00a0\u00bbdefault\u00a0\u00bb global_colors_info=\u00a0\u00bb{}\u00a0\u00bb][dnxte_text_divider dnxt_divider_text=\u00a0\u00bb@ET-DC@eyJkeW5hbWljIjp0cnVlLCJjb250ZW50IjoicG9zdF90aXRsZSIsInNldHRpbmdzIjp7ImJlZm9yZSI6IiIsImFmdGVyIjoiIiwiZW5hYmxlX2h0bWwiOiJvZmYifX0=@\u00a0\u00bb heading_tag=\u00a0\u00bbh1&Prime; text_divider_color=\u00a0\u00bbgcid-39ebcbee-5276-43f0-8515-adcdfc1593b4&Prime; _builder_version=\u00a0\u00bb4.24.2&Prime; _dynamic_attributes=\u00a0\u00bbdnxt_divider_text\u00a0\u00bb _module_preset=\u00a0\u00bbdefault\u00a0\u00bb dnxt_divider_fonts_font=\u00a0\u00bb|600|||||||\u00a0\u00bb dnxt_divider_fonts_font_size=\u00a0\u00bb56px\u00a0\u00bb global_colors_info=\u00a0\u00bb{%22gcid-39ebcbee-5276-43f0-8515-adcdfc1593b4%22:%91%22text_divider_color%22%93}\u00a0\u00bb][\/dnxte_text_divider][\/et_pb_column][\/et_pb_row][et_pb_row column_structure=\u00a0\u00bb1_2,1_2&Prime; _builder_version=\u00a0\u00bb4.24.2&Prime; _module_preset=\u00a0\u00bbdefault\u00a0\u00bb global_colors_info=\u00a0\u00bb{}\u00a0\u00bb][et_pb_column type=\u00a0\u00bb1_2&Prime; _builder_version=\u00a0\u00bb4.24.2&Prime; _module_preset=\u00a0\u00bbdefault\u00a0\u00bb global_colors_info=\u00a0\u00bb{}\u00a0\u00bb][et_pb_image src=\u00a0\u00bbhttps:\/\/tessitore.be\/wp-content\/uploads\/2024\/05\/PLS-Piano.png\u00a0\u00bb title_text=\u00a0\u00bbPLS Piano\u00a0\u00bb _builder_version=\u00a0\u00bb4.24.2&Prime; _module_preset=\u00a0\u00bbdefault\u00a0\u00bb global_colors_info=\u00a0\u00bb{}\u00a0\u00bb][\/et_pb_image][\/et_pb_column][et_pb_column type=\u00a0\u00bb1_2&Prime; _builder_version=\u00a0\u00bb4.24.2&Prime; _module_preset=\u00a0\u00bbdefault\u00a0\u00bb global_colors_info=\u00a0\u00bb{}\u00a0\u00bb][et_pb_text _builder_version=\u00a0\u00bb4.24.2&Prime; _module_preset=\u00a0\u00bbdefault\u00a0\u00bb global_colors_info=\u00a0\u00bb{}\u00a0\u00bb]<\/p>\n<p><span>Le syst\u00e8me Piano Life Saver est install\u00e9 silencieusement et \u00e0 l&rsquo;abri des regards \u00e0 l&rsquo;int\u00e9rieur de votre piano.  <\/span><\/p>\n<p><span>Chaque syst\u00e8me Piano Life Saver est assorti d&rsquo;une garantie de cinq ans qui ne peut \u00eatre activ\u00e9e qu&rsquo;en le faisant installer par un technicien de piano.<\/span><\/p>\n<p><span><\/span><\/p>\n<ul class=\"list\">\n<li><strong>D\u00e9shumidificateur :<\/strong><span> <\/span>Lorsque l&rsquo;humidit\u00e9 augmente, il expulse l&rsquo;air humide du piano en utilisant des courants d&rsquo;air chaud.<\/li>\n<li><strong>Humidificateur :<\/strong><span> <\/span>humidifie le bois sec de votre piano lorsque l&rsquo;humidit\u00e9 diminue ; un t\u00e9moin lumineux indique que le niveau d&rsquo;eau est trop bas et qu&rsquo;il faut ajouter de l&rsquo;eau \u00e0 l&rsquo;humidificateur ; le remplissage est simple et facile.<\/li>\n<\/ul>\n<p>[\/et_pb_text][\/et_pb_column][\/et_pb_row][et_pb_row column_structure=\u00a0\u00bb1_2,1_2&Prime; _builder_version=\u00a0\u00bb4.24.2&Prime; _module_preset=\u00a0\u00bbdefault\u00a0\u00bb global_colors_info=\u00a0\u00bb{}\u00a0\u00bb][et_pb_column type=\u00a0\u00bb1_2&Prime; _builder_version=\u00a0\u00bb4.24.2&Prime; _module_preset=\u00a0\u00bbdefault\u00a0\u00bb global_colors_info=\u00a0\u00bb{}\u00a0\u00bb][et_pb_text _builder_version=\u00a0\u00bb4.24.2&Prime; _module_preset=\u00a0\u00bbdefault\u00a0\u00bb global_colors_info=\u00a0\u00bb{}\u00a0\u00bb]<\/p>\n<p>&nbsp;<\/p>\n<ul class=\"list\">\n<li><strong>Tuyau d&rsquo;eau :<\/strong><span> <\/span>vous permet d&rsquo;ajouter de l&rsquo;eau \u00e0 l&rsquo;humidificateur lorsque le panneau lumineux \u00e0 3 LED indique un besoin d&rsquo;eau.  <\/li>\n<li><strong>Humidistat :<\/strong><span> <\/span>C&rsquo;est le centre nerveux du syst\u00e8me qui d\u00e9tecte si les parties en bois de votre piano sont trop humides ou trop s\u00e8ches et passe automatiquement du d\u00e9shumidificateur \u00e0 l&rsquo;humidificateur, prot\u00e9geant ainsi votre piano des dommages caus\u00e9s par les changements d&rsquo;humidit\u00e9.  <\/li>\n<li><strong>Panneau lumineux \u00e0 3 LED :<\/strong><span> <\/span>le voyant vert POWER indique que le syst\u00e8me est aliment\u00e9 en \u00e9lectricit\u00e9 et le voyant jaune WATER commence \u00e0 clignoter lorsque l&rsquo;humidificateur a besoin d&rsquo;eau. Le voyant rouge marqu\u00e9 PADS clignote lorsque les tampons (lingettes sp\u00e9ciales en papier cellulose) n&rsquo;absorbent plus l&rsquo;eau et doivent \u00eatre remplac\u00e9s.<\/li>\n<\/ul>\n<p>[\/et_pb_text][\/et_pb_column][et_pb_column type=\u00a0\u00bb1_2&Prime; _builder_version=\u00a0\u00bb4.24.2&Prime; _module_preset=\u00a0\u00bbdefault\u00a0\u00bb global_colors_info=\u00a0\u00bb{}\u00a0\u00bb][et_pb_image src=\u00a0\u00bbhttps:\/\/tessitore.be\/wp-content\/uploads\/2024\/05\/PLS-Vleugel.png\u00a0\u00bb title_text=\u00a0\u00bbPLS Vleugel\u00a0\u00bb _builder_version=\u00a0\u00bb4.24.2&Prime; _module_preset=\u00a0\u00bbdefault\u00a0\u00bb global_colors_info=\u00a0\u00bb{}\u00a0\u00bb][\/et_pb_image][\/et_pb_column][\/et_pb_row][et_pb_row _builder_version=\u00a0\u00bb4.24.2&Prime; _module_preset=\u00a0\u00bbdefault\u00a0\u00bb global_colors_info=\u00a0\u00bb{}\u00a0\u00bb][et_pb_column type=\u00a0\u00bb4_4&Prime; _builder_version=\u00a0\u00bb4.24.2&Prime; _module_preset=\u00a0\u00bbdefault\u00a0\u00bb global_colors_info=\u00a0\u00bb{}\u00a0\u00bb][et_pb_button button_url=\u00a0\u00bb@ET-DC@eyJkeW5hbWljIjp0cnVlLCJjb250ZW50IjoicG9zdF9saW5rX3VybF9hdHRhY2htZW50Iiwic2V0dGluZ3MiOnsicG9zdF9pZCI6IjM1MjczIiwiZW5hYmxlX2h0bWwiOiJvZmYifX0=@\u00a0\u00bb url_new_window=\u00a0\u00bbon\u00a0\u00bb button_text=\u00a0\u00bbPlus d&rsquo;informations\u00a0\u00bb _builder_version=\u00a0\u00bb4.24.2&Prime; _dynamic_attributes=\u00a0\u00bbbutton_url\u00a0\u00bb _module_preset=\u00a0\u00bbdefault\u00a0\u00bb custom_button=\u00a0\u00bbon\u00a0\u00bb button_text_color=\u00a0\u00bb#000000&Prime; hover_enabled=\u00a0\u00bb0&Prime; global_colors_info=\u00a0\u00bb{}\u00a0\u00bb sticky_enabled=\u00a0\u00bb0&Prime;][\/et_pb_button][\/et_pb_column][\/et_pb_row][\/et_pb_section]<\/p>\n","protected":false},"excerpt":{"rendered":"<p><div class=\"et_pb_module dnxte_text_divider dnxte_text_divider_0\">\n\t\t\t\t\n\t\t\t\t\n\t\t\t\t\n\t\t\t\t\n\t\t\t\t\n\t\t\t\t\n\t\t\t\t<div class=\"et_pb_module_inner\">\n\t\t\t\t\t<div class=\"dnxt-text-divider-wrapper  \">\r\n\t\t\t\t<div class=\"dnxt-text-divider-before dnxt-text-divider\"><\/div>\r\n\t\t\t\t<h1 class=\"dnxt-text-divider-spacing\"><\/h1>\r\n\t\t\t\t<div class=\"dnxt-text-divider-after dnxt-text-divider\"><\/div>\r\n\t\t\t<\/div>\n\t\t\t\t<\/div>\n\t\t\t<\/div>Le syst\u00e8me Piano Life Saver est install\u00e9 silencieusement et \u00e0 l&rsquo;abri des regards \u00e0 l&rsquo;int\u00e9rieur de votre piano. Chaque syst\u00e8me Piano Life Saver est assorti d&rsquo;une garantie de cinq ans qui ne peut \u00eatre activ\u00e9e qu&rsquo;en le faisant installer par un technicien de piano. D\u00e9shumidificateur : [&hellip;]<\/p>\n","protected":false},"author":1,"featured_media":0,"parent":0,"menu_order":0,"comment_status":"closed","ping_status":"closed","template":"","meta":{"_acf_changed":false,"_et_pb_use_builder":"on","_et_pb_old_content":"","_et_gb_content_width":"","footnotes":""},"difl_page_category":[],"class_list":["post-35320","page","type-page","status-publish","hentry"],"acf":[],"_links":{"self":[{"href":"https:\/\/tessitore.be\/fr\/wp-json\/wp\/v2\/pages\/35320","targetHints":{"allow":["GET"]}}],"collection":[{"href":"https:\/\/tessitore.be\/fr\/wp-json\/wp\/v2\/pages"}],"about":[{"href":"https:\/\/tessitore.be\/fr\/wp-json\/wp\/v2\/types\/page"}],"author":[{"embeddable":true,"href":"https:\/\/tessitore.be\/fr\/wp-json\/wp\/v2\/users\/1"}],"replies":[{"embeddable":true,"href":"https:\/\/tessitore.be\/fr\/wp-json\/wp\/v2\/comments?post=35320"}],"version-history":[{"count":3,"href":"https:\/\/tessitore.be\/fr\/wp-json\/wp\/v2\/pages\/35320\/revisions"}],"predecessor-version":[{"id":35368,"href":"https:\/\/tessitore.be\/fr\/wp-json\/wp\/v2\/pages\/35320\/revisions\/35368"}],"wp:attachment":[{"href":"https:\/\/tessitore.be\/fr\/wp-json\/wp\/v2\/media?parent=35320"}],"wp:term":[{"taxonomy":"difl_page_category","embeddable":true,"href":"https:\/\/tessitore.be\/fr\/wp-json\/wp\/v2\/difl_page_category?post=35320"}],"curies":[{"name":"wp","href":"https:\/\/api.w.org\/{rel}","templated":true}]}}