{"id":35317,"date":"2024-05-08T06:15:06","date_gmt":"2024-05-08T06:15:06","guid":{"rendered":"https:\/\/tessitore.be\/maintenance\/"},"modified":"2024-06-04T20:23:45","modified_gmt":"2024-06-04T20:23:45","slug":"accordage-entretien","status":"publish","type":"page","link":"https:\/\/tessitore.be\/fr\/accordage-entretien\/","title":{"rendered":"Accordage &amp; entretien"},"content":{"rendered":"<p>[et_pb_section fb_built=\u00a0\u00bb1&Prime; _builder_version=\u00a0\u00bb4.24.2&Prime; _module_preset=\u00a0\u00bbdefault\u00a0\u00bb global_colors_info=\u00a0\u00bb{}\u00a0\u00bb][et_pb_row _builder_version=\u00a0\u00bb4.24.2&Prime; _module_preset=\u00a0\u00bbdefault\u00a0\u00bb global_colors_info=\u00a0\u00bb{}\u00a0\u00bb][et_pb_column type=\u00a0\u00bb4_4&Prime; _builder_version=\u00a0\u00bb4.24.2&Prime; _module_preset=\u00a0\u00bbdefault\u00a0\u00bb global_colors_info=\u00a0\u00bb{}\u00a0\u00bb][dnxte_text_divider dnxt_divider_text=\u00a0\u00bb@ET-DC@eyJkeW5hbWljIjp0cnVlLCJjb250ZW50IjoicG9zdF90aXRsZSIsInNldHRpbmdzIjp7ImJlZm9yZSI6IiIsImFmdGVyIjoiIn19@\u00a0\u00bb heading_tag=\u00a0\u00bbh1&Prime; text_divider_color=\u00a0\u00bbgcid-39ebcbee-5276-43f0-8515-adcdfc1593b4&Prime; _builder_version=\u00a0\u00bb4.24.2&Prime; _dynamic_attributes=\u00a0\u00bbdnxt_divider_text\u00a0\u00bb _module_preset=\u00a0\u00bbdefault\u00a0\u00bb dnxt_divider_fonts_font=\u00a0\u00bb|600|||||||\u00a0\u00bb dnxt_divider_fonts_font_size=\u00a0\u00bb56px\u00a0\u00bb global_colors_info=\u00a0\u00bb{%22gcid-39ebcbee-5276-43f0-8515-adcdfc1593b4%22:%91%22text_divider_color%22%93}\u00a0\u00bb][\/dnxte_text_divider][\/et_pb_column][\/et_pb_row][et_pb_row column_structure=\u00a0\u00bb1_2,1_2&Prime; _builder_version=\u00a0\u00bb4.24.2&Prime; _module_preset=\u00a0\u00bbdefault\u00a0\u00bb global_colors_info=\u00a0\u00bb{}\u00a0\u00bb][et_pb_column type=\u00a0\u00bb1_2&Prime; _builder_version=\u00a0\u00bb4.24.2&Prime; _module_preset=\u00a0\u00bbdefault\u00a0\u00bb global_colors_info=\u00a0\u00bb{}\u00a0\u00bb][et_pb_image src=\u00a0\u00bbhttps:\/\/tessitore.be\/wp-content\/uploads\/2024\/05\/homepageimage2-1-scaled.jpg\u00a0\u00bb title_text=\u00a0\u00bbhomepageimage2&Prime; _builder_version=\u00a0\u00bb4.24.2&Prime; _module_preset=\u00a0\u00bbdefault\u00a0\u00bb global_colors_info=\u00a0\u00bb{}\u00a0\u00bb][\/et_pb_image][et_pb_button button_url=\u00a0\u00bb@ET-DC@eyJkeW5hbWljIjp0cnVlLCJjb250ZW50IjoicG9zdF9saW5rX3VybF9wYWdlIiwic2V0dGluZ3MiOnsicG9zdF9pZCI6IjM1NTIwIn19@\u00a0\u00bb url_new_window=\u00a0\u00bbon\u00a0\u00bb button_text=\u00a0\u00bbProduits d entretien sur la boutique en ligne\u00a0\u00bb _builder_version=\u00a0\u00bb4.25.1&Prime; _module_preset=\u00a0\u00bbdefault\u00a0\u00bb custom_button=\u00a0\u00bbon\u00a0\u00bb button_text_color=\u00a0\u00bb#000000&Prime; hover_enabled=\u00a0\u00bb0&Prime; global_colors_info=\u00a0\u00bb{}\u00a0\u00bb sticky_enabled=\u00a0\u00bb0&Prime; _dynamic_attributes=\u00a0\u00bbbutton_url\u00a0\u00bb][\/et_pb_button][\/et_pb_column][et_pb_column type=\u00a0\u00bb1_2&Prime; _builder_version=\u00a0\u00bb4.24.2&Prime; _module_preset=\u00a0\u00bbdefault\u00a0\u00bb global_colors_info=\u00a0\u00bb{}\u00a0\u00bb][et_pb_text _builder_version=\u00a0\u00bb4.24.2&Prime; _module_preset=\u00a0\u00bbdefault\u00a0\u00bb global_colors_info=\u00a0\u00bb{}\u00a0\u00bb]<\/p>\n<p>Un piano n&rsquo;est pas un instrument comme les autres, c&rsquo;est un \u00e9l\u00e9ment pr\u00e9cieux de votre int\u00e9rieur, une source de beaut\u00e9 et de musique. Pour que votre piano reste en parfait \u00e9tat et que vous puissiez en profiter pendant de nombreuses ann\u00e9es, il est important de l&rsquo;entretenir correctement. Dans notre boutique en ligne, vous trouverez une large gamme de produits sp\u00e9cialement con\u00e7us pour prot\u00e9ger et entretenir votre piano.<\/p>\n<p>&nbsp;<\/p>\n<p>Qu&rsquo;il s&rsquo;agisse d&rsquo;accorder r\u00e9guli\u00e8rement votre piano, de nettoyer et de polir les touches ou de prot\u00e9ger le bois contre les dommages, nous avons tous les produits dont vous avez besoin pour maintenir votre instrument dans un \u00e9tat optimal. Gr\u00e2ce \u00e0 nos ann\u00e9es d&rsquo;expertise et \u00e0 notre passion pour la musique de piano, nous pouvons vous fournir toutes les informations et les conseils dont vous avez besoin pour entretenir et ch\u00e9rir votre piano.<\/p>\n<p>&nbsp;<\/p>\n<p>N&rsquo;h\u00e9sitez donc pas \u00e0 jeter un coup d&rsquo;\u0153il \u00e0 notre boutique en ligne et \u00e0 d\u00e9couvrir comment entretenir au mieux votre piano. Vous pourrez ainsi profiter pendant de nombreuses ann\u00e9es des magnifiques sonorit\u00e9s et de l&rsquo;aspect \u00e9l\u00e9gant de cet instrument sp\u00e9cial. Nous sommes toujours pr\u00eats \u00e0 vous aider \u00e0 entretenir votre pr\u00e9cieux piano.<\/p>\n<p>[\/et_pb_text][\/et_pb_column][\/et_pb_row][\/et_pb_section]<\/p>\n","protected":false},"excerpt":{"rendered":"<p><div class=\"et_pb_module dnxte_text_divider dnxte_text_divider_0\">\n\t\t\t\t\n\t\t\t\t\n\t\t\t\t\n\t\t\t\t\n\t\t\t\t\n\t\t\t\t\n\t\t\t\t<div class=\"et_pb_module_inner\">\n\t\t\t\t\t<div class=\"dnxt-text-divider-wrapper  \">\r\n\t\t\t\t<div class=\"dnxt-text-divider-before dnxt-text-divider\"><\/div>\r\n\t\t\t\t<h1 class=\"dnxt-text-divider-spacing\"><\/h1>\r\n\t\t\t\t<div class=\"dnxt-text-divider-after dnxt-text-divider\"><\/div>\r\n\t\t\t<\/div>\n\t\t\t\t<\/div>\n\t\t\t<\/div>Un piano n&rsquo;est pas un instrument comme les autres, c&rsquo;est un \u00e9l\u00e9ment pr\u00e9cieux de votre int\u00e9rieur, une source de beaut\u00e9 et de musique. Pour que votre piano reste en parfait \u00e9tat et que vous puissiez en profiter pendant de nombreuses ann\u00e9es, il est important de l&rsquo;entretenir [&hellip;]<\/p>\n","protected":false},"author":1,"featured_media":0,"parent":0,"menu_order":0,"comment_status":"closed","ping_status":"closed","template":"","meta":{"_acf_changed":false,"_et_pb_use_builder":"on","_et_pb_old_content":"","_et_gb_content_width":"","footnotes":""},"difl_page_category":[],"class_list":["post-35317","page","type-page","status-publish","hentry"],"acf":[],"_links":{"self":[{"href":"https:\/\/tessitore.be\/fr\/wp-json\/wp\/v2\/pages\/35317","targetHints":{"allow":["GET"]}}],"collection":[{"href":"https:\/\/tessitore.be\/fr\/wp-json\/wp\/v2\/pages"}],"about":[{"href":"https:\/\/tessitore.be\/fr\/wp-json\/wp\/v2\/types\/page"}],"author":[{"embeddable":true,"href":"https:\/\/tessitore.be\/fr\/wp-json\/wp\/v2\/users\/1"}],"replies":[{"embeddable":true,"href":"https:\/\/tessitore.be\/fr\/wp-json\/wp\/v2\/comments?post=35317"}],"version-history":[{"count":13,"href":"https:\/\/tessitore.be\/fr\/wp-json\/wp\/v2\/pages\/35317\/revisions"}],"predecessor-version":[{"id":35551,"href":"https:\/\/tessitore.be\/fr\/wp-json\/wp\/v2\/pages\/35317\/revisions\/35551"}],"wp:attachment":[{"href":"https:\/\/tessitore.be\/fr\/wp-json\/wp\/v2\/media?parent=35317"}],"wp:term":[{"taxonomy":"difl_page_category","embeddable":true,"href":"https:\/\/tessitore.be\/fr\/wp-json\/wp\/v2\/difl_page_category?post=35317"}],"curies":[{"name":"wp","href":"https:\/\/api.w.org\/{rel}","templated":true}]}}