{"id":35311,"date":"2024-05-02T20:57:15","date_gmt":"2024-05-02T20:57:15","guid":{"rendered":"https:\/\/tessitore.be\/location-de-concerts\/"},"modified":"2024-05-08T06:20:28","modified_gmt":"2024-05-08T06:20:28","slug":"location-de-concerts","status":"publish","type":"page","link":"https:\/\/tessitore.be\/fr\/location-de-concerts\/","title":{"rendered":"Location de concerts"},"content":{"rendered":"<p>[et_pb_section fb_built=\u00a0\u00bb1&Prime; _builder_version=\u00a0\u00bb4.24.2&Prime; _module_preset=\u00a0\u00bbdefault\u00a0\u00bb global_colors_info=\u00a0\u00bb{}\u00a0\u00bb][et_pb_row _builder_version=\u00a0\u00bb4.24.2&Prime; _module_preset=\u00a0\u00bbdefault\u00a0\u00bb global_colors_info=\u00a0\u00bb{}\u00a0\u00bb][et_pb_column type=\u00a0\u00bb4_4&Prime; _builder_version=\u00a0\u00bb4.24.2&Prime; _module_preset=\u00a0\u00bbdefault\u00a0\u00bb global_colors_info=\u00a0\u00bb{}\u00a0\u00bb][dnxte_text_divider dnxt_divider_text=\u00a0\u00bbConcertverhuur\u00a0\u00bb heading_tag=\u00a0\u00bbh1&Prime; text_divider_color=\u00a0\u00bbgcid-39ebcbee-5276-43f0-8515-adcdfc1593b4&Prime; _builder_version=\u00a0\u00bb4.24.2&Prime; _module_preset=\u00a0\u00bbdefault\u00a0\u00bb dnxt_divider_fonts_font=\u00a0\u00bb|600|||||||\u00a0\u00bb dnxt_divider_fonts_font_size=\u00a0\u00bb56px\u00a0\u00bb global_colors_info=\u00a0\u00bb{%22gcid-39ebcbee-5276-43f0-8515-adcdfc1593b4%22:%91%22text_divider_color%22%93}\u00a0\u00bb][\/dnxte_text_divider][\/et_pb_column][\/et_pb_row][et_pb_row column_structure=\u00a0\u00bb1_2,1_2&Prime; _builder_version=\u00a0\u00bb4.24.2&Prime; _module_preset=\u00a0\u00bbdefault\u00a0\u00bb global_colors_info=\u00a0\u00bb{}\u00a0\u00bb][et_pb_column type=\u00a0\u00bb1_2&Prime; _builder_version=\u00a0\u00bb4.24.2&Prime; _module_preset=\u00a0\u00bbdefault\u00a0\u00bb global_colors_info=\u00a0\u00bb{}\u00a0\u00bb][et_pb_image src=\u00a0\u00bbhttps:\/\/tessitore.be\/wp-content\/uploads\/2024\/05\/concertverhuur-zonderlogo.png\u00a0\u00bb title_text=\u00a0\u00bbconcertverhuur-zonderlogo\u00a0\u00bb _builder_version=\u00a0\u00bb4.24.2&Prime; _module_preset=\u00a0\u00bbdefault\u00a0\u00bb global_colors_info=\u00a0\u00bb{}\u00a0\u00bb][\/et_pb_image][\/et_pb_column][et_pb_column type=\u00a0\u00bb1_2&Prime; _builder_version=\u00a0\u00bb4.24.2&Prime; _module_preset=\u00a0\u00bbdefault\u00a0\u00bb global_colors_info=\u00a0\u00bb{}\u00a0\u00bb][et_pb_text _builder_version=\u00a0\u00bb4.24.2&Prime; _module_preset=\u00a0\u00bbdefault\u00a0\u00bb custom_padding=\u00a0\u00bb||0px|||\u00a0\u00bb global_colors_info=\u00a0\u00bb{}\u00a0\u00bb]<\/p>\n<p>Si vous souhaitez donner ou organiser un concert, nous louons les meilleurs instruments pour la location de concerts. <\/p>\n<p>Vous pouvez venir chez nous pour tester des pianos avant de choisir celui que vous souhaitez louer. <\/p>\n<p>Apr\u00e8s avoir pris rendez-vous, nous installons gratuitement les pianos pour que vous puissiez en jouer longuement et en appr\u00e9cier la sonorit\u00e9. <\/p>\n<p>Vous \u00eates ainsi certain de faire le bon choix et de placer le piano parfait sur votre sc\u00e8ne. <\/p>\n<p>&nbsp;<\/p>\n<p>[\/et_pb_text][\/et_pb_column][\/et_pb_row][et_pb_row column_structure=\u00a0\u00bb1_3,1_3,1_3&Prime; _builder_version=\u00a0\u00bb4.24.2&Prime; _module_preset=\u00a0\u00bbdefault\u00a0\u00bb global_colors_info=\u00a0\u00bb{}\u00a0\u00bb][et_pb_column type=\u00a0\u00bb1_3&Prime; _builder_version=\u00a0\u00bb4.24.2&Prime; _module_preset=\u00a0\u00bbdefault\u00a0\u00bb global_colors_info=\u00a0\u00bb{}\u00a0\u00bb][et_pb_text _builder_version=\u00a0\u00bb4.24.2&Prime; _module_preset=\u00a0\u00bbdefault\u00a0\u00bb custom_padding=\u00a0\u00bb0px|||||\u00a0\u00bb global_colors_info=\u00a0\u00bb{}\u00a0\u00bb]<\/p>\n<p>N&rsquo;h\u00e9sitez pas \u00e0 nous contacter pour conna\u00eetre les prix et les disponibilit\u00e9s.<\/p>\n<p>Location de pianos \u00e0 queue :<\/p>\n<p>Samick 186cm<br \/>Samick 208cm<br \/>Samick 228cm<br \/>Steinway &amp; Sons Model B 211cm<br \/>Steinway &amp; Sons Model D 274cm<\/p>\n<p>&nbsp;<\/p>\n<p>Sur demande, vous pouvez \u00e9galement louer un piano droit.<\/p>\n<p>[\/et_pb_text][\/et_pb_column][et_pb_column type=\u00a0\u00bb1_3&Prime; _builder_version=\u00a0\u00bb4.24.2&Prime; _module_preset=\u00a0\u00bbdefault\u00a0\u00bb global_colors_info=\u00a0\u00bb{}\u00a0\u00bb][et_pb_image src=\u00a0\u00bbhttps:\/\/tessitore.be\/wp-content\/uploads\/2024\/05\/steinway-and-sons-verhuur-e1715117223729.png\u00a0\u00bb title_text=\u00a0\u00bbsteinway and sons verhuur\u00a0\u00bb _builder_version=\u00a0\u00bb4.24.2&Prime; _module_preset=\u00a0\u00bbdefault\u00a0\u00bb global_colors_info=\u00a0\u00bb{}\u00a0\u00bb][\/et_pb_image][\/et_pb_column][et_pb_column type=\u00a0\u00bb1_3&Prime; _builder_version=\u00a0\u00bb4.24.2&Prime; _module_preset=\u00a0\u00bbdefault\u00a0\u00bb global_colors_info=\u00a0\u00bb{}\u00a0\u00bb][et_pb_image src=\u00a0\u00bbhttps:\/\/tessitore.be\/wp-content\/uploads\/2024\/05\/samick-verhuur-e1715117166547.jpg\u00a0\u00bb title_text=\u00a0\u00bbsamick verhuur\u00a0\u00bb _builder_version=\u00a0\u00bb4.24.2&Prime; _module_preset=\u00a0\u00bbdefault\u00a0\u00bb global_colors_info=\u00a0\u00bb{}\u00a0\u00bb][\/et_pb_image][\/et_pb_column][\/et_pb_row][\/et_pb_section]<\/p>\n","protected":false},"excerpt":{"rendered":"<p><div class=\"et_pb_module dnxte_text_divider dnxte_text_divider_0\">\n\t\t\t\t\n\t\t\t\t\n\t\t\t\t\n\t\t\t\t\n\t\t\t\t\n\t\t\t\t\n\t\t\t\t<div class=\"et_pb_module_inner\">\n\t\t\t\t\t<div class=\"dnxt-text-divider-wrapper  \">\r\n\t\t\t\t<div class=\"dnxt-text-divider-before dnxt-text-divider\"><\/div>\r\n\t\t\t\t<h1 class=\"dnxt-text-divider-spacing\">Concertverhuur<\/h1>\r\n\t\t\t\t<div class=\"dnxt-text-divider-after dnxt-text-divider\"><\/div>\r\n\t\t\t<\/div>\n\t\t\t\t<\/div>\n\t\t\t<\/div>Si vous souhaitez donner ou organiser un concert, nous louons les meilleurs instruments pour la location de concerts. Vous pouvez venir chez nous pour tester des pianos avant de choisir celui que vous souhaitez louer. Apr\u00e8s avoir pris rendez-vous, nous installons gratuitement les pianos pour que vous [&hellip;]<\/p>\n","protected":false},"author":1,"featured_media":0,"parent":0,"menu_order":0,"comment_status":"closed","ping_status":"closed","template":"","meta":{"_acf_changed":false,"_et_pb_use_builder":"on","_et_pb_old_content":"","_et_gb_content_width":"","footnotes":""},"difl_page_category":[],"class_list":["post-35311","page","type-page","status-publish","hentry"],"acf":[],"_links":{"self":[{"href":"https:\/\/tessitore.be\/fr\/wp-json\/wp\/v2\/pages\/35311","targetHints":{"allow":["GET"]}}],"collection":[{"href":"https:\/\/tessitore.be\/fr\/wp-json\/wp\/v2\/pages"}],"about":[{"href":"https:\/\/tessitore.be\/fr\/wp-json\/wp\/v2\/types\/page"}],"author":[{"embeddable":true,"href":"https:\/\/tessitore.be\/fr\/wp-json\/wp\/v2\/users\/1"}],"replies":[{"embeddable":true,"href":"https:\/\/tessitore.be\/fr\/wp-json\/wp\/v2\/comments?post=35311"}],"version-history":[{"count":5,"href":"https:\/\/tessitore.be\/fr\/wp-json\/wp\/v2\/pages\/35311\/revisions"}],"predecessor-version":[{"id":35316,"href":"https:\/\/tessitore.be\/fr\/wp-json\/wp\/v2\/pages\/35311\/revisions\/35316"}],"wp:attachment":[{"href":"https:\/\/tessitore.be\/fr\/wp-json\/wp\/v2\/media?parent=35311"}],"wp:term":[{"taxonomy":"difl_page_category","embeddable":true,"href":"https:\/\/tessitore.be\/fr\/wp-json\/wp\/v2\/difl_page_category?post=35311"}],"curies":[{"name":"wp","href":"https:\/\/api.w.org\/{rel}","templated":true}]}}